{"id":35,"date":"2012-08-12T15:16:40","date_gmt":"2012-08-12T13:16:40","guid":{"rendered":"http:\/\/blog.ulibauer.de\/?page_id=35"},"modified":"2018-05-27T10:39:52","modified_gmt":"2018-05-27T08:39:52","slug":"ein-paar-informationen-zu-mir","status":"publish","type":"page","link":"https:\/\/blog.ulibauer.de\/?page_id=35","title":{"rendered":"Ein paar Informationen zu mir"},"content":{"rendered":"<p><strong>Aktuell<\/strong>:<\/p>\n<p>Im Ruhestand seit 2009. Ich lebe in Stuttgart und an der irischen Westk\u00fcste.<\/p>\n<p>In diesem Blog geht es um Computer, Internet, Multimedia und was mir sonst noch einf\u00e4llt.<\/p>\n<p><strong>Fr\u00fcher war ich mal:<\/strong><br \/>\nStudentenbewegt &#8211; Verk\u00e4ufer von Fertigh\u00e4usern &#8211; Lehrer (fast 40 Jahre lang) &#8211;\u00a0Gewerkschaftsfunktion\u00e4r &#8211; Berater der Gr\u00fcnen &#8211; Umweltaktivist &#8211; Internetnutzer der ersten Stunde &#8211; Pionier im Bereich Internetnutzung und Multimedia in Schulen &#8211; Sysadmin (nur Linux-Server) &#8211; Betreuer der paedML (Netzwerkl\u00f6sung f\u00fcr Schulen) &#8211; Fortbildner im Bereich Multimedia und Netzwerke &#8211; Redakteur und Autor. Soviel zum Vorurteil, Lehrer machten nichts als Lehrer &#8230;<\/p>\n<p><strong>Computer und Internet (30 Jahre &#8211; Jubil\u00e4um &#8230;):<\/strong><\/p>\n<p>Zur Computerei kam ich eher zuf\u00e4llig. Ich geh\u00f6rte nicht zur &#8222;Generation C 64&#8220;, sondern kam zum ersten Mal in Kontakt mit einem Computer, als ich Mitte 30 war. Jemand hatte meiner Schule 1981 zwei Original\u00a0<a href=\"http:\/\/de.wikipedia.org\/wiki\/IBM-PC\" target=\"_blank\" rel=\"noopener\">IBM PC<\/a>\u00a0gestiftet &#8211; das waren noch die Kisten mit zwei Diskettenlaufwerken, aber ohne Festplatte. Sie standen wochenlang beim Hausmeister, da niemand was damit anzufangen wusste. Irgend wann beschlossen ein Kollege und ich, die Rechner mit nach Hause zu nehmen und uns einzuarbeiten.<\/p>\n<p>Und so etwa sah mein erster Blick auf einen PC aus:<\/p>\n<div><a href=\"http:\/\/1.bp.blogspot.com\/-K-rIdAj2qY0\/Tud2Snc9QAI\/AAAAAAAAAHk\/FRguhNINKGA\/s1600\/640px-IBM_PC_5150.jpg\"><img loading=\"lazy\" decoding=\"async\" src=\"http:\/\/1.bp.blogspot.com\/-K-rIdAj2qY0\/Tud2Snc9QAI\/AAAAAAAAAHk\/FRguhNINKGA\/s320\/640px-IBM_PC_5150.jpg\" alt=\"\" width=\"320\" height=\"231\" border=\"0\" \/><\/a><\/div>\n<div><small>Autor:\u00a0http:\/\/commons.wikimedia.org\/wiki\/User:Boffy_b<\/small><\/div>\n<div><\/div>\n<div>Ich sa\u00df ziemlich verloren davor. Mir war nicht einmal klar, dass auf der Kiste ein Basic lief und dass ich den Rechner erst mit einer DOS-Diskette starten musste, um damit arbeiten zu k\u00f6nnen. Ich habe es gelernt &#8230; So sah meine erste &#8222;Arbeitsumgebung&#8220; aus: 5,25-Floppy mit DOS und Wordstar. Die Daten von Monaten waren auch mit drauf. Beim Start wurde\u00a0<a href=\"http:\/\/de.wikipedia.org\/wiki\/WordStar\" target=\"_blank\" rel=\"noopener\">Wordstar<\/a>\u00a0komplett in eine RAM-Disk geladen und lief dann affenschnell. Dumm nur, wenn man den Rechner ausschaltete, ohne vorher zu speichern.<\/div>\n<p>Auf den (geliehenen) IBM-PC folgten eine ganze Reihe von beigen Kisten und Laptops\/Notebooks. Mein erster Laptop (es gibt ihn noch und er startet auch noch) sah so aus:<\/p>\n<div><a href=\"http:\/\/1.bp.blogspot.com\/-14nD6w_IYMc\/Tud7wL0Me7I\/AAAAAAAAAHs\/iOnVxPzJJHU\/s1600\/walkstation+_koppler.jpg\"><img loading=\"lazy\" decoding=\"async\" src=\"http:\/\/1.bp.blogspot.com\/-14nD6w_IYMc\/Tud7wL0Me7I\/AAAAAAAAAHs\/iOnVxPzJJHU\/s320\/walkstation+_koppler.jpg\" alt=\"\" width=\"320\" height=\"240\" border=\"0\" \/><\/a><\/div>\n<div><\/div>\n<div>Das ist eine\u00a0<a href=\"http:\/\/de.wikipedia.org\/wiki\/Triumph-Adler#Walkstation_286_V\" target=\"_blank\" rel=\"noopener\">TA Walkstation<\/a>\u00a0V 286 (eigentlich von Olivetti) mit einem 80286 Prozessor, 1 MB RAM und einer 40 MB Festplatte. Daneben ist der Akkustikkoppler, mit dem ich meine ersten Ausfl\u00fcge im Netz unternahm. Auf dem gelben Zettel steht noch die Einwahlnummer von Compuserve in Dublin. (Das mit Olivetti stimmt so wohl nicht \ud83d\ude42 siehe unten).<\/div>\n<div><\/div>\n<div>Zeitweise standen 5 oder 6 Rechner in meinem Arbeitszimmer. Die Zeiten sind zum Gl\u00fcck vorbei. Heute steht da nur noch ein MacBook und im Schrank ist noch ein \u00e4lteres Aldi-Notebook f\u00fcr den Fall, dass ich einen (physikalischen) Rechner brauche, auf dem Windows und Ubuntu laufen.<\/div>\n<div><\/div>\n<div>Am Anfang war DOS, danach kam Windows 3.0\/3.1\/3.11. Etwas sp\u00e4ter kam ich zum ersten Mal in Kontakt mit Linux &#8211; es muss wohl SuSE Linux 4.2 gewesen sein. Seitdem arbeite ich unter Windows und Linux, seit 2008 auch (und vor allem) unter Mac OS X.<\/div>\n<div><\/div>\n<div>Ins Internet ging ich zum ersten Mal Ende der 80er Jahre mit einem Compuserve-Account und einem Akkustikkoppler, ins WWW Anfang der 90er Jahre mit einem 9.600 oder 14.400 Modem und dem Browser Mosaic. Das sah ungef\u00e4hr so aus:<\/div>\n<div><\/div>\n<div><a href=\"http:\/\/3.bp.blogspot.com\/-tgR3XLpPN_0\/TueDJF67-MI\/AAAAAAAAAH0\/VDujUx7eChc\/s1600\/1993_mosaic_browser_large.jpg\"><img loading=\"lazy\" decoding=\"async\" src=\"http:\/\/3.bp.blogspot.com\/-tgR3XLpPN_0\/TueDJF67-MI\/AAAAAAAAAH0\/VDujUx7eChc\/s320\/1993_mosaic_browser_large.jpg\" alt=\"\" width=\"320\" height=\"195\" border=\"0\" \/><\/a><\/div>\n<div><small>Quelle:\u00a0http:\/\/www.computerhistory.org<\/small><\/div>\n<div><\/div>\n","protected":false},"excerpt":{"rendered":"<p>Aktuell: Im Ruhestand seit 2009. Ich lebe in Stuttgart und an der irischen Westk\u00fcste. In diesem Blog geht es um Computer, Internet, Multimedia und was mir sonst noch einf\u00e4llt. Fr\u00fcher war ich mal: Studentenbewegt &#8211; Verk\u00e4ufer von Fertigh\u00e4usern &#8211; Lehrer &hellip; <a href=\"https:\/\/blog.ulibauer.de\/?page_id=35\">Weiterlesen <span class=\"meta-nav\">&rarr;<\/span><\/a><\/p>\n","protected":false},"author":4,"featured_media":0,"parent":0,"menu_order":2,"comment_status":"open","ping_status":"open","template":"","meta":{"footnotes":""},"class_list":["post-35","page","type-page","status-publish","hentry"],"_links":{"self":[{"href":"https:\/\/blog.ulibauer.de\/index.php?rest_route=\/wp\/v2\/pages\/35","targetHints":{"allow":["GET"]}}],"collection":[{"href":"https:\/\/blog.ulibauer.de\/index.php?rest_route=\/wp\/v2\/pages"}],"about":[{"href":"https:\/\/blog.ulibauer.de\/index.php?rest_route=\/wp\/v2\/types\/page"}],"author":[{"embeddable":true,"href":"https:\/\/blog.ulibauer.de\/index.php?rest_route=\/wp\/v2\/users\/4"}],"replies":[{"embeddable":true,"href":"https:\/\/blog.ulibauer.de\/index.php?rest_route=%2Fwp%2Fv2%2Fcomments&post=35"}],"version-history":[{"count":13,"href":"https:\/\/blog.ulibauer.de\/index.php?rest_route=\/wp\/v2\/pages\/35\/revisions"}],"predecessor-version":[{"id":1628,"href":"https:\/\/blog.ulibauer.de\/index.php?rest_route=\/wp\/v2\/pages\/35\/revisions\/1628"}],"wp:attachment":[{"href":"https:\/\/blog.ulibauer.de\/index.php?rest_route=%2Fwp%2Fv2%2Fmedia&parent=35"}],"curies":[{"name":"wp","href":"https:\/\/api.w.org\/{rel}","templated":true}]}}