{"id":1601,"date":"2018-05-27T10:08:28","date_gmt":"2018-05-27T08:08:28","guid":{"rendered":"http:\/\/ulibauer.de\/blog\/?page_id=1601"},"modified":"2023-02-12T18:13:18","modified_gmt":"2023-02-12T16:13:18","slug":"datenschutzerklaerung","status":"publish","type":"page","link":"https:\/\/blog.ulibauer.de\/?page_id=1601","title":{"rendered":"Datenschutzerkl\u00e4rung"},"content":{"rendered":"<header><\/header>\n<header><\/header>\n<header><\/header>\n<header><\/header>\n<header><\/header>\n<header><\/header>\n<header><\/header>\n<header><\/header>\n<header><em><span style=\"font-size: 12pt;\">Urspr\u00fcnglich habe ich kurz vor dem 25. Mai eine Datenschutzerkl\u00e4rung mit Hilfe eines <\/span><a style=\"font-size: 12pt;\" href=\"https:\/\/datenschutz-generator.de\/\">Generators<\/a><span style=\"font-size: 12pt;\"> erstellt; die gefiel mir allerdings gar nicht. Ich gehe davon aus, dass auch die Besucher meines Blogs nicht viel damit anfangen k\u00f6nnten.<\/span><\/em><\/header>\n<header><\/header>\n<div class=\"entry-content\"><em><span style=\"font-size: 12pt;\"><a href=\"https:\/\/ditze.net\/datenschutzerklaerung\/\">Die hier<\/a> gef\u00e4llt mir viel besser, bringt sie die Sache doch sehr gut auf den Punkt. Deshalb habe ich mich bei <a href=\"https:\/\/ditze.net\/\">Andreas W. Ditze<\/a> bedient. Vielen Dank! Manches habe ich einfach \u00fcbernommen, manches ein bisschen ver\u00e4ndert.<\/span><\/em><\/div>\n<div><\/div>\n<div>\n<p>Ulrich Bauer<br \/>\nBanzhaldenstr. 53<br \/>\n70469 Stuttgart<br \/>\nblog(at)ulibauer.de<br \/>\nLink zum Impressum: http:\/\/ulibauer.de\/blog\/?page_id=1588<\/p>\n<\/div>\n<div class=\"entry-content\">\n<h3>Pr\u00e4ambel<\/h3>\n<p>Artikel 12 der EU-Datenschutzgrundverordnung (kurz: DSGVO) fordert, dass ich Ihnen \u201ein pr\u00e4ziser, transparenter, verst\u00e4ndlicher und leicht zug\u00e4nglicher Form [und] in einer klaren und einfachen Sprache\u201c erkl\u00e4re, was hier auf dieser Webseite geschieht. Da ich dabei nicht davon ausgehen darf, dass Sie f\u00fcnf Jahre Informatik, Jura oder Raketeningenieurwesen studiert haben, soll ich hier also Klartext schreiben. Das mache ich doch gerne.<\/p>\n<h3>\u00a71 Hosting<\/h3>\n<p>Diese Website wird offiziell von mir gehostet. Allerdings habe ich das Hosting\u00a0 an einen gro\u00dfen europ\u00e4ischen Hosting-Anbieter ausgelagert. Ich privat habe mit mir selber f\u00fcr diese Domain [ulibauer.de] und speziell f\u00fcr die Sub-Domain [blog.ulibauer.de] (noch) keinen schriftlichen Auftragsverarbeitungsvertrag geschlossen *, ich habe mir aber im Innenverh\u00e4ltnis m\u00fcndlich versichert, dass ich (gesch\u00e4ftlich) meine (privaten) Hosting-Daten immer sehr gewissenhaft behandeln werde.<\/p>\n<p>*Jetzt habe ich doch noch ganz schnell einen\u00a0Auftragsverarbeitungsvertrag mit meinem\u00a0Hosting-Anbieter geschlossen (alter Feigling!) , aber nur, weil es so einfach war. Einmal klicken hat gereicht.<\/p>\n<p>Hier sollte eigentlich ein Absatz zu Google Analytics und Google Fonts stehen. Mit Erleichterung habe ich festgestellt, dass ich weder Google Analytics noch Google Fonts verwende. Gl\u00fcck gehabt.<\/p>\n<h3>\u00a72 Plugins<\/h3>\n<p>Diese Website nutzt ein paar Plugins. Diese Plugins machen allerhand: ein paar beschleunigen die Website, ein anderes sorgt f\u00fcr sch\u00f6ne Optik, Fu\u00dfnoten, E-Mailalerts, Fotogalerie oder besonders sch\u00f6ne Sitemaps, die dazu f\u00fchren, dass Sie diese Website \u00fcberhaupt finden konnten. Wie dem auch sei: nahezu jedes dieser Plugins sendet am langen Ende Ihre IP-Adresse an die Server, die ben\u00f6tigt werden, damit Sie hier eine h\u00fcbsche Website sehen k\u00f6nnen. Habe ich mit jedem dieser Plugin-Anbieter einen Auftragsverarbeitungsvertrag? Na, was meinen Sie? Ich verrate es Ihnen: Nein! Und warum? Weil auch das v\u00f6lliger Quatsch ist. Oder wollen Sie mir jetzt ernsthaft nahelegen, ich solle auf meiner privaten, von mir selbst bezahlten und v\u00f6llig werbefrei gehaltenen Webseite, die ich in meiner Freizeit mit viel Liebe best\u00fccke, nun wirklich losgehen und zu jedem Plugin was ich hier nutzen will einen umfangreichen Auftragsverarbeitungsvertrag abschlie\u00dfen? Ich sage Ihnen was: wenn Sie nicht wollen, dass meine Website Ihre IP-Adresse weitergibt, dann kommen Sie doch einfach nicht hier her.<\/p>\n<h3>\u00a73 Kontaktaufnahme<\/h3>\n<p>Nun zur Kontaktaufnahme: Falls Sie mir eine E-Mail senden, m\u00fcssen Sie damit leben, dass ich Daten von Ihnen erhalte. Ich sehe dann Ihre E-Mailadresse, eventuell auch Ihre IP-Adresse und wenn ich mir richtig M\u00fche gebe und den X-Header Ihrer E-Mail h\u00e4ndisch auswerte, kann ich eventuell sogar sehen, wie der Computer hei\u00dft, von dem aus Sie die Nachricht geschrieben haben. Das ist keine Zauberei oder Hackerkunst, sondern ein Internet-Standard. Wer den lesen kann, kommt an diese Daten. <a href=\"https:\/\/tools.ietf.org\/html\/rfc5322\">Das ist technisch bedingt<\/a> \u2013 und schon seit vielen Jahren so. Falls Sie mir ungefragt Ihre Daten zusenden, d\u00fcrfen Sie davon ausgehen, dass ich Ihre E-Mail genauso gut oder schlecht beh\u00fcte wie alle meine \u00fcbrigen E-Mails auch. Sollten Sie sich irgendwann mal \u00fcberlegen, dass ich die von Ihnen ungefragt zugesandte E-Mail l\u00f6schen soll, d\u00fcrfen Sie mich h\u00f6flich darum bitten \u2013 versprechen tue ich aber nichts. Auch hier gilt: wenn Sie damit nicht leben k\u00f6nnen, senden Sie mir bitte keine E-Mail zu.<\/p>\n<h3>\u00a74 Kommentare<\/h3>\n<p>Weiter im Text: Thema Blogposts. Sie k\u00f6nnen hier gerne einzelne Meldungen kommentieren. Aber erneut gilt auch hier: Sie m\u00fcssen davon ausgehen, dass ein paar Daten \u00fcber Sie erfasst werden. Ich habe daf\u00fcr gesorgt, dass die IP-Adresse nicht gespeichert wird; Name und Mailadresse werden allerdings gespeichert. Immerhin: beim Namen und der Mailadresse k\u00f6nnen Sie mit Pseudonymen arbeiten \u2013 oder einfach l\u00fcgen, das ist okay f\u00fcr mich.<\/p>\n<h3>\u00a75 Cookies<\/h3>\n<p>Sie wissen was ein Cookie ist? Nein? Ok, das k\u00f6nnen <a href=\"https:\/\/de.wikipedia.org\/wiki\/HTTP-Cookie\">Sie hier nachlesen<\/a>. Manche Menschen haben Angst vor Cookies, weil sie glauben, dass man damit herausbekommen kann, ob sie (diese Menschen mit der Angst) gestern Abend auf einer Porno-Seite waren oder sich insgeheim f\u00fcr satanistische Nazischergenmusik interessieren. Deswegen m\u00f6chte kaum jemand, dass eine Website Cookies speichert. De facto ist es aber so, dass Websites ohne Cookies heute kaum noch funktionieren. Und so lange nur First-Party-Cookies eingesetzt werden, ist das mit dem Tracking der Nazi-Porno-Seiten nicht m\u00f6glich. Diese Website nutzt bestimmt auch Cookies \u2013 allerdings nur die \u201eguten\u201c First-Party-Cookies. Daten von Besuchern des Blogs werden nicht gespeichert.<\/p>\n<h3>\u00a76 Abmahnungen<\/h3>\n<p>Bevor Sie mich wegen eventuell fehlender, unvollst\u00e4ndiger oder nicht ausreichend durchdrungener Aspekte der DSGVO abmahnen, ber\u00fccksichtigen Sie bitte die Worte der zur Einf\u00fchrung der Verordnung zust\u00e4ndigen EU-Justizkommissarin V\u011bra Jourov\u00e1. <a href=\"https:\/\/www.zeit.de\/amp\/digital\/datenschutz\/2018-05\/vera-jourova-eu-kommissarin-datenschutz-grundverordnung-dsgvo?__twitter_impression=true\">Die sagte in einem Interview mit der ZEIT w\u00f6rtlich<\/a>: \u201eEs geht [bei der DSGVO] um gesunden Menschenverstand und Verh\u00e4ltnism\u00e4\u00dfigkeit. Wenn Ihnen jemand eine E-Mail schreibt und Ihnen zugesteht, dass Sie seine Daten verwenden d\u00fcrfen, dann ist doch klar, dass er Ihnen eine Einwilligung erteilt. Im \u00dcbrigen sanktionieren die Datenschutzbeauftragten nicht nur, sondern beraten auch. Meine Prognose ist, dass sich die Beh\u00f6rden auf die Anbieter konzentrieren, die den gr\u00f6\u00dften Schaden verursachen k\u00f6nnen, die die meisten Daten verarbeiten.\u201c<\/p>\n<p>Dar\u00fcber hinaus verweise ich hier auch gerne auf eine Aussage des deutschen \u201eVaters\u201c der DSGVO, Jan Philipp Albrecht. <a href=\"https:\/\/www.janalbrecht.eu\/2018\/05\/dsgvo-haeufig-gestellte-fragen-haeufig-verbreitete-mythen\/\">Er schreibt in seinem Blog w\u00f6rtlich<\/a>: \u201eWas hingegen nicht eintreten wird, ist dass [\u2026] die Aufsichtsbeh\u00f6rden und irgendwelche Abmahnanw\u00e4lte pl\u00f6tzlich eine ganz andere Gangart gegen\u00fcber all den kleinen Unternehmen, Einzelunternehmern, Vereinen und Bloggern einlegen werden.\u201c Sie d\u00fcrfen davon ausgehen, dass ich beiden Akteuren im Falle einer Abmahnung hiervon berichten werde.<\/p>\n<h3>\u00a77 Schlussbestimmungen<\/h3>\n<p>Ich habe eine positive Grundhaltung zum Thema Datenschutz.\u00a0Es freut es mich, wenn Sie meine Seite besuchen und vielleicht sogar Kommentare hinterlassen.\u00a0Ihre pers\u00f6nlichen Daten interessieren mich allerdings nicht. Wenn Sie trotzdem datenschutzrechtliche Bedenken haben sollten, bleiben Sie einfach weg. Was ich sehr bedauern w\u00fcrde.<\/p>\n<p><em>Copyleft: Wer diese Datenschutzbestimmung abwandeln, recyclen oder kopieren will, darf das gerne machen \u2013 auch ohne Quellenangabe und von mir aus auch kommerziell.\u00a0<\/em><\/p>\n<\/div>\n","protected":false},"excerpt":{"rendered":"<p>Urspr\u00fcnglich habe ich kurz vor dem 25. Mai eine Datenschutzerkl\u00e4rung mit Hilfe eines Generators erstellt; die gefiel mir allerdings gar nicht. Ich gehe davon aus, dass auch die Besucher meines Blogs nicht viel damit anfangen k\u00f6nnten. Die hier gef\u00e4llt mir &hellip; <a href=\"https:\/\/blog.ulibauer.de\/?page_id=1601\">Weiterlesen <span class=\"meta-nav\">&rarr;<\/span><\/a><\/p>\n","protected":false},"author":4,"featured_media":0,"parent":0,"menu_order":2,"comment_status":"open","ping_status":"open","template":"","meta":{"footnotes":""},"class_list":["post-1601","page","type-page","status-publish","hentry"],"_links":{"self":[{"href":"https:\/\/blog.ulibauer.de\/index.php?rest_route=\/wp\/v2\/pages\/1601","targetHints":{"allow":["GET"]}}],"collection":[{"href":"https:\/\/blog.ulibauer.de\/index.php?rest_route=\/wp\/v2\/pages"}],"about":[{"href":"https:\/\/blog.ulibauer.de\/index.php?rest_route=\/wp\/v2\/types\/page"}],"author":[{"embeddable":true,"href":"https:\/\/blog.ulibauer.de\/index.php?rest_route=\/wp\/v2\/users\/4"}],"replies":[{"embeddable":true,"href":"https:\/\/blog.ulibauer.de\/index.php?rest_route=%2Fwp%2Fv2%2Fcomments&post=1601"}],"version-history":[{"count":34,"href":"https:\/\/blog.ulibauer.de\/index.php?rest_route=\/wp\/v2\/pages\/1601\/revisions"}],"predecessor-version":[{"id":2223,"href":"https:\/\/blog.ulibauer.de\/index.php?rest_route=\/wp\/v2\/pages\/1601\/revisions\/2223"}],"wp:attachment":[{"href":"https:\/\/blog.ulibauer.de\/index.php?rest_route=%2Fwp%2Fv2%2Fmedia&parent=1601"}],"curies":[{"name":"wp","href":"https:\/\/api.w.org\/{rel}","templated":true}]}}